{"id":14357,"date":"2025-08-07T18:54:03","date_gmt":"2025-08-07T21:54:03","guid":{"rendered":"https:\/\/comprarannapark.com.ar\/?page_id=14357"},"modified":"2025-08-07T18:54:05","modified_gmt":"2025-08-07T21:54:05","slug":"preguntas-frecuentes","status":"publish","type":"page","link":"https:\/\/comprarannapark.com.ar\/index.php\/preguntas-frecuentes\/","title":{"rendered":"Preguntas frecuentes"},"content":{"rendered":"<p>\ud83d\udecd\ufe0f <strong>Importante sobre el env\u00edo de tu compra<\/strong><\/p><p>Una vez realizada tu compra, nuestro equipo de log\u00edstica se pondr\u00e1 en contacto para coordinar el env\u00edo. Recibir\u00e1s un link exclusivo para abonar el costo del mismo.<\/p><p>\u00bfPor qu\u00e9 lo hacemos as\u00ed?<br>Esta modalidad nos permite organizar cada entrega de forma personalizada, asegurar una gesti\u00f3n eficiente y realizar un seguimiento exhaustivo de tu pedido. As\u00ed, garantizamos que tu experiencia sea simple, segura y a tiempo. \ud83d\udc9a<\/p>","protected":false},"excerpt":{"rendered":"<p>\ud83d\udecd\ufe0f Importante sobre el env\u00edo de tu compra Una vez realizada tu compra, nuestro equipo de log\u00edstica se pondr\u00e1 en contacto para coordinar el env\u00edo. Recibir\u00e1s un link exclusivo para abonar el costo del mismo. \u00bfPor qu\u00e9 lo hacemos as\u00ed?Esta modalidad nos permite organizar cada entrega de forma personalizada, asegurar una gesti\u00f3n eficiente y realizar&#8230;<\/p>\n","protected":false},"author":1,"featured_media":0,"parent":0,"menu_order":0,"comment_status":"closed","ping_status":"closed","template":"","meta":{"footnotes":""},"class_list":["post-14357","page","type-page","status-publish","hentry"],"_links":{"self":[{"href":"https:\/\/comprarannapark.com.ar\/index.php\/wp-json\/wp\/v2\/pages\/14357","targetHints":{"allow":["GET"]}}],"collection":[{"href":"https:\/\/comprarannapark.com.ar\/index.php\/wp-json\/wp\/v2\/pages"}],"about":[{"href":"https:\/\/comprarannapark.com.ar\/index.php\/wp-json\/wp\/v2\/types\/page"}],"author":[{"embeddable":true,"href":"https:\/\/comprarannapark.com.ar\/index.php\/wp-json\/wp\/v2\/users\/1"}],"replies":[{"embeddable":true,"href":"https:\/\/comprarannapark.com.ar\/index.php\/wp-json\/wp\/v2\/comments?post=14357"}],"version-history":[{"count":1,"href":"https:\/\/comprarannapark.com.ar\/index.php\/wp-json\/wp\/v2\/pages\/14357\/revisions"}],"predecessor-version":[{"id":14358,"href":"https:\/\/comprarannapark.com.ar\/index.php\/wp-json\/wp\/v2\/pages\/14357\/revisions\/14358"}],"wp:attachment":[{"href":"https:\/\/comprarannapark.com.ar\/index.php\/wp-json\/wp\/v2\/media?parent=14357"}],"curies":[{"name":"wp","href":"https:\/\/api.w.org\/{rel}","templated":true}]}}