{"id":3,"date":"2025-04-28T10:23:24","date_gmt":"2025-04-28T13:23:24","guid":{"rendered":"https:\/\/comprarannapark.com.ar\/?page_id=3"},"modified":"2025-11-13T11:47:12","modified_gmt":"2025-11-13T14:47:12","slug":"politica-privacidad","status":"publish","type":"page","link":"https:\/\/comprarannapark.com.ar\/index.php\/politica-privacidad\/","title":{"rendered":""},"content":{"rendered":"<h1 class=\"wp-block-heading\">Pol\u00edtica de Privacidad<\/h1><h2 class=\"wp-block-heading\">1. Informaci\u00f3n general<\/h2><p>En esta web (\u201csitio\u201d, \u201cnosotros\u201d) valoramos tu privacidad y protecci\u00f3n de datos personales. Al acceder o usar el sitio, acept\u00e1s las presentes condiciones.<br>Nuestro sitio es operado por <strong>Anna Park<\/strong><\/p><h2 class=\"wp-block-heading\">2. Qu\u00e9 datos recopilamos<\/h2><p>Podemos recopilar los siguientes datos personales:<\/p><ul class=\"wp-block-list\"><li>Datos que proporcion\u00e1s voluntariamente: nombre, apellido, correo electr\u00f3nico, direcci\u00f3n, tel\u00e9fono, entre otros, al registrarte, realizar una compra o suscribirte.<\/li>\n\n<li>Datos de uso: informaci\u00f3n del dispositivo, direcci\u00f3n IP, tipo de navegador, p\u00e1ginas visitadas, tiempo de permanencia, etc.<\/li>\n\n<li>Datos de pago: cuando correspondiera, datos para procesar pagos (a trav\u00e9s de pasarelas seguras). No almacenamos datos sensibles de tarjetas en nuestros servidores salvo que la pasarela lo permita (y cumpla con est\u00e1ndares).<\/li>\n\n<li>Cookies y tecnolog\u00edas afines: para mejorar el funcionamiento del sitio, an\u00e1lisis, personalizaci\u00f3n.<\/li><\/ul><h2 class=\"wp-block-heading\">3. Finalidad del tratamiento<\/h2><p>Utilizamos tus datos para:<\/p><ul class=\"wp-block-list\"><li>Procesar tus pedidos, devoluciones y emitir facturas.<\/li>\n\n<li>Comunicarnos contigo: confirmaciones, informaci\u00f3n relevante, promociones (si has otorgado consentimiento).<\/li>\n\n<li>Mejorar el sitio: an\u00e1lisis estad\u00edstico y t\u00e9cnico, detecci\u00f3n de fallos.<\/li>\n\n<li>Personalizar tu experiencia de usuario.<\/li>\n\n<li>Cumplir obligaciones legales o regulatorias.<\/li><\/ul><h2 class=\"wp-block-heading\">4. Base legal<\/h2><p>En el marco argentino, tratamos los datos conforme a lo establecido en la Ley 25.326 de Protecci\u00f3n de Datos Personales y su Decreto reglamentario. Para ciertos tratamientos requerimos tu consentimiento expl\u00edcito (por ejemplo, marketing directo). Para otros, nos fundada en la ejecuci\u00f3n de un contrato (procesar tu compra) o en el cumplimiento de obligaciones legales.<\/p><h2 class=\"wp-block-heading\">5. Destinatarios y cesiones<\/h2><ul class=\"wp-block-list\"><li>Podremos compartir tus datos con proveedores de servicios: log\u00edstica, pasarelas de pago, servicios de hosting y an\u00e1lisis.<\/li>\n\n<li>No transferiremos tus datos a terceros con fines de marketing sin tu consentimiento.<\/li>\n\n<li>En su caso de fusi\u00f3n, venta o transferencia de activos, los datos podr\u00e1n transferirse, garantiz\u00e1ndose su protecci\u00f3n.<\/li><\/ul><h2 class=\"wp-block-heading\">6. Transferencias internacionales<\/h2><p>Si nuestros proveedores est\u00e1n ubicados fuera de Argentina, garantizamos que se adopten medidas adecuadas de protecci\u00f3n de datos conforme a est\u00e1ndares aplicables.<\/p><h2 class=\"wp-block-heading\">7. Seguridad<\/h2><p>Implementamos medidas t\u00e9cnicas y organizativas apropiadas para proteger tus datos frente a accesos no autorizados, p\u00e9rdidas, alteraciones o destrucciones. Sin embargo, como en todo sistema online, no podemos garantizar seguridad absoluta.<\/p><h2 class=\"wp-block-heading\">8. Conservaci\u00f3n de los datos<\/h2><p>Conservamos tus datos mientras sea necesario para cumplir los fines mencionados, y mientras existan obligaciones legales que lo requieran. Una vez cumplidos, procedemos a su bloqueo o eliminaci\u00f3n segura.<\/p><h2 class=\"wp-block-heading\">9. Derechos del titular<\/h2><p>Como titular de los datos, pod\u00e9s ejercer los siguientes derechos:<\/p><ul class=\"wp-block-list\"><li>Acceder a los datos que tenemos sobre vos.<\/li>\n\n<li>Solicitar su rectificaci\u00f3n, actualizaci\u00f3n o supresi\u00f3n.<\/li>\n\n<li>Oponerte al tratamiento o solicitar su limitaci\u00f3n cuando corresponda.<\/li>\n\n<li>Solicitar la portabilidad de los datos, si aplica.<br>Para ejercer esos derechos pod\u00e9s enviarnos un correo electr\u00f3nico a <a href=\"mailto:info@annapark.com.ar\">info@annapark.com.ar<\/a><\/li><\/ul><h2 class=\"wp-block-heading\">10. Cookies y tecnolog\u00edas similares<\/h2><p>Utilizamos cookies y tecnolog\u00edas afines para:<\/p><ul class=\"wp-block-list\"><li>Hacer funcionar el sitio (cookies necesarias).<\/li>\n\n<li>Analizar el uso del sitio y mejorar la experiencia (cookies anal\u00edticas).<\/li>\n\n<li>Mostrar contenidos personalizados o publicidad (cookies de marketing, si corresponde).<br>Pod\u00e9s configurar tu navegador para rechazar cookies o solicitar su eliminaci\u00f3n, aunque esto puede afectar la funcionalidad del sitio.<\/li><\/ul><h2 class=\"wp-block-heading\">11. Cambios a esta pol\u00edtica<\/h2><p>Podemos modificar esta pol\u00edtica de privacidad. Las nuevas versiones ser\u00e1n publicadas en este sitio con una fecha de actualizaci\u00f3n. Te recomendamos revisar esta pol\u00edtica peri\u00f3dicamente.<\/p>","protected":false},"excerpt":{"rendered":"<p>Pol\u00edtica de Privacidad 1. Informaci\u00f3n general En esta web (\u201csitio\u201d, \u201cnosotros\u201d) valoramos tu privacidad y protecci\u00f3n de datos personales. Al acceder o usar el sitio, acept\u00e1s las presentes condiciones.Nuestro sitio es operado por Anna Park 2. Qu\u00e9 datos recopilamos Podemos recopilar los siguientes datos personales: 3. Finalidad del tratamiento Utilizamos tus datos para: 4. Base&#8230;<\/p>\n","protected":false},"author":1,"featured_media":0,"parent":0,"menu_order":0,"comment_status":"closed","ping_status":"open","template":"","meta":{"footnotes":""},"class_list":["post-3","page","type-page","status-publish","hentry"],"_links":{"self":[{"href":"https:\/\/comprarannapark.com.ar\/index.php\/wp-json\/wp\/v2\/pages\/3","targetHints":{"allow":["GET"]}}],"collection":[{"href":"https:\/\/comprarannapark.com.ar\/index.php\/wp-json\/wp\/v2\/pages"}],"about":[{"href":"https:\/\/comprarannapark.com.ar\/index.php\/wp-json\/wp\/v2\/types\/page"}],"author":[{"embeddable":true,"href":"https:\/\/comprarannapark.com.ar\/index.php\/wp-json\/wp\/v2\/users\/1"}],"replies":[{"embeddable":true,"href":"https:\/\/comprarannapark.com.ar\/index.php\/wp-json\/wp\/v2\/comments?post=3"}],"version-history":[{"count":3,"href":"https:\/\/comprarannapark.com.ar\/index.php\/wp-json\/wp\/v2\/pages\/3\/revisions"}],"predecessor-version":[{"id":14462,"href":"https:\/\/comprarannapark.com.ar\/index.php\/wp-json\/wp\/v2\/pages\/3\/revisions\/14462"}],"wp:attachment":[{"href":"https:\/\/comprarannapark.com.ar\/index.php\/wp-json\/wp\/v2\/media?parent=3"}],"curies":[{"name":"wp","href":"https:\/\/api.w.org\/{rel}","templated":true}]}}