{"id":14313,"date":"2025-04-28T11:17:54","date_gmt":"2025-04-28T14:17:54","guid":{"rendered":"https:\/\/comprarannapark.com.ar\/?post_type=product&#038;p=14313"},"modified":"2026-04-14T15:42:30","modified_gmt":"2026-04-14T18:42:30","slug":"pack-de-10-yerba","status":"publish","type":"product","link":"https:\/\/comprarannapark.com.ar\/index.php\/product\/pack-de-10-yerba\/","title":{"rendered":"Pack de 10 yerba"},"content":{"rendered":"<h5><strong><em>Anna Park<\/em><\/strong>\u00a0es una historia de amor de cien a\u00f1os. Un amor pacientemente cultivado, en sincron\u00eda con la Naturaleza. En 1920, su creador,\u00a0<em>Eric Barney<\/em>, se top\u00f3 con un lugar sorprendente: dos bellas colinas rodeadas de tierra colorada, sin piedras. All\u00ed plant\u00f3 el primer \u00e1rbol y ocurri\u00f3 un verdadero milagro del suelo: crecieron hojas con propiedades excepcionales, energizantes y antioxidantes naturales, con vitaminas y minerales.<\/h5>\n<h5>Semejante regalo de la Naturaleza deb\u00eda ser respetado. Por lo que la producci\u00f3n de\u00a0<strong><em>Anna Park<\/em><\/strong>\u00a0siempre fue selecta y limitada: el proceso de elaboraci\u00f3n se prolonga por tres a\u00f1os y la cosecha se realiza cada dos a\u00f1os. As\u00ed, respetamos el tiempo de la planta, la que sigue su proceso biol\u00f3gico natural y nos brinda sus extraordinarias hojas, siempre con la misma calidad y belleza.<\/h5>\n<h5>El secado de la yerba se realiza lentamente, en\u00a0<em>Barbacu\u00e1 de cinta<\/em>,\u00a0<strong>sin humo<\/strong>, con sistemas de combusti\u00f3n de alto rendimiento y con intercambiadores de aire.<\/h5>\n<h5>Los procesos de\u00a0<em>oreado y estacionamiento<\/em>\u00a0son caracter\u00edsticas que nos distinguen ya que no son viables econ\u00f3micamente para las grandes empresas pero s\u00ed para nosotros que privilegiamos el suelo y su calma.<\/h5>\n<h5>Por todo esto,\u00a0<strong><em>Anna Park<\/em><\/strong>\u00a0es una yerba mate \u00fanica y contamos con\u00a0<em>certificaci\u00f3n org\u00e1nica internacional<\/em>\u00a0<strong>OIA<\/strong>.<\/h5>\n<h5><strong>Cada vez que nos eleg\u00eds ayud\u00e1s a mantener dos reservas ecol\u00f3gicas con preciosos montes y una biodiversidad tan extensa como fecunda.<\/strong><\/h5>\n<h5>Sensitiva, rica y legendaria,\u00a0<strong><em>Anna Park<\/em><\/strong>\u00a0es nuestro\u00a0<strong><em>voto de amor por la Naturaleza.<\/em><\/strong><\/h5>\n","protected":false},"excerpt":{"rendered":"<p>Contiene 10 unidades de la mejor yerba org\u00e1nica.<\/p>\n","protected":false},"featured_media":14314,"comment_status":"open","ping_status":"closed","template":"","meta":[],"product_brand":[],"product_cat":[52],"product_tag":[],"class_list":{"0":"post-14313","1":"product","2":"type-product","3":"status-publish","4":"has-post-thumbnail","6":"product_cat-yerba","8":"first","9":"instock","10":"shipping-taxable","11":"purchasable","12":"product-type-simple"},"_links":{"self":[{"href":"https:\/\/comprarannapark.com.ar\/index.php\/wp-json\/wp\/v2\/product\/14313","targetHints":{"allow":["GET"]}}],"collection":[{"href":"https:\/\/comprarannapark.com.ar\/index.php\/wp-json\/wp\/v2\/product"}],"about":[{"href":"https:\/\/comprarannapark.com.ar\/index.php\/wp-json\/wp\/v2\/types\/product"}],"replies":[{"embeddable":true,"href":"https:\/\/comprarannapark.com.ar\/index.php\/wp-json\/wp\/v2\/comments?post=14313"}],"wp:featuredmedia":[{"embeddable":true,"href":"https:\/\/comprarannapark.com.ar\/index.php\/wp-json\/wp\/v2\/media\/14314"}],"wp:attachment":[{"href":"https:\/\/comprarannapark.com.ar\/index.php\/wp-json\/wp\/v2\/media?parent=14313"}],"wp:term":[{"taxonomy":"product_brand","embeddable":true,"href":"https:\/\/comprarannapark.com.ar\/index.php\/wp-json\/wp\/v2\/product_brand?post=14313"},{"taxonomy":"product_cat","embeddable":true,"href":"https:\/\/comprarannapark.com.ar\/index.php\/wp-json\/wp\/v2\/product_cat?post=14313"},{"taxonomy":"product_tag","embeddable":true,"href":"https:\/\/comprarannapark.com.ar\/index.php\/wp-json\/wp\/v2\/product_tag?post=14313"}],"curies":[{"name":"wp","href":"https:\/\/api.w.org\/{rel}","templated":true}]}}